{"id":13,"date":"2024-03-05T13:22:20","date_gmt":"2024-03-05T13:22:20","guid":{"rendered":"https:\/\/ems3.pl\/?page_id=13"},"modified":"2025-01-22T19:42:51","modified_gmt":"2025-01-22T19:42:51","slug":"ems3","status":"publish","type":"page","link":"https:\/\/ems3.pl\/","title":{"rendered":"EMS3"},"content":{"rendered":"<p>[vc_row][vc_column parallax=&#8221;content-moving-fade&#8221; parallax_image=&#8221;116&#8243; el_class=&#8221;grdientems&#8221;]<div class=\"et-row   \">[vc_row_inner][vc_column_inner width=&#8221;1\/2&#8243;][vc_empty_space height=&#8221;132px&#8221;][vc_column_text el_class=&#8221;whitetxt&#8221;]<\/p>\n<h1><strong><em>EMS<b>3<\/b> &#8211; efekty do sze\u015bcianu!<\/em><\/strong><\/h1>\n<p>[\/vc_column_text][vc_empty_space height=&#8221;22px&#8221;][vc_column_text el_class=&#8221;whitetxt&#8221;]<\/p>\n<h3><em>Odkryj pe\u0142ny wymiar treningu!<\/em><\/h3>\n<p>[\/vc_column_text][vc_empty_space height=&#8221;22px&#8221;][vc_column_text el_class=&#8221;whitetxt&#8221; css=&#8221;.vc_custom_1709646844892{margin-right: 112px !important;}&#8221;]Twoja wymarzona sylwetka jest na wyci\u0105gni\u0119cie r\u0119ki! W EMS3 skutecznie pomog\u0119 Ci w d\u0105\u017ceniu do idealnej formy. Tutaj mno\u017c\u0119 si\u0142y przez zamiary, pot\u0119guj\u0105c rezultaty. Przy odpowiedniej motywacji, moim wsparciu i regularnych treningach EMS, jeste\u015b w stanie szybko osi\u0105gn\u0105\u0107 sw\u00f3j cel! To zaczynamy?[\/vc_column_text][vc_empty_space height=&#8221;62px&#8221;][vc_btn title=&#8221;\u2014 UM\u00d3W SI\u0118 NA TRENING&#8221; style=&#8221;custom&#8221; custom_background=&#8221;#eb2127&#8243; custom_text=&#8221;#ffffff&#8221; link=&#8221;url:%23kontakt&#8221; el_class=&#8221;emsbutton&#8221;][\/vc_column_inner][vc_column_inner width=&#8221;1\/2&#8243;][vc_empty_space height=&#8221;62px&#8221;][vc_single_image image=&#8221;20&#8243; img_size=&#8221;full&#8221; alignment=&#8221;right&#8221;][\/vc_column_inner][\/vc_row_inner][vc_row_inner el_id=&#8221;omnie&#8221;][vc_column_inner width=&#8221;1\/2&#8243;][vc_single_image image=&#8221;19&#8243; img_size=&#8221;full&#8221;][\/vc_column_inner][vc_column_inner width=&#8221;1\/2&#8243; css=&#8221;.vc_custom_1709647363253{margin-left: 62px !important;}&#8221;][vc_empty_space height=&#8221;62px&#8221;][vc_column_text el_class=&#8221;whitetxt&#8221;]<\/p>\n<h2><strong><em>O mnie<\/em><\/strong><\/h2>\n<p>[\/vc_column_text][vc_empty_space height=&#8221;22px&#8221;][vc_column_text el_class=&#8221;whitetxt&#8221; css=&#8221;.vc_custom_1709647279638{margin-right: 112px !important;}&#8221;]Nazywam si\u0119 \u0141ukasz Stachowski. Jestem do\u015bwiadczonym trenerem personalnym, specjalizuj\u0105cym si\u0119 w treningach EMS. B\u0119d\u0105c absolwentem AWF i profesjonalnym tancerzem od kilkunastu lat &#8211; mog\u0119 \u015bmia\u0142o powiedzie\u0107, \u017ce sport to dla mnie nie tylko praca, lecz tak\u017ce pasja!<\/p>\n<p>Wyznaj\u0119 zasad\u0119: w zdrowym ciele, zdrowy duch. Moj\u0105 misj\u0105 jest pomaganie innym w osi\u0105ganiu wymarzonych sylwetek &#8211; smuk\u0142ych, wysportowanych, wzmocnionych. Tworz\u0105c EMS3, chc\u0119 pokazywa\u0107 najbardziej efektywn\u0105 drog\u0119 do osi\u0105gni\u0119cia celu. To bezpieczna przestrze\u0144 dla ka\u017cdego, kto ma odwag\u0119 zmieni\u0107 swoje \u017cycie na lepsze.<\/p>\n<p>W pracy skupiam si\u0119 szczeg\u00f3lnie na technice wykonywanych \u0107wicze\u0144, a tak\u017ce kszta\u0142towaniu zdrowych postaw i nawyk\u00f3w w codziennym \u017cyciu. Stale si\u0119 rozwijam, ch\u0119tnie si\u0119gaj\u0105c po innowacyjne, niekonwencjonalne techniki &#8211; do kt\u00f3rych nale\u017cy r\u00f3wnie\u017c trening EMS![\/vc_column_text][vc_empty_space height=&#8221;22px&#8221;][vc_icon icon_fontawesome=&#8221;fab fa-instagram&#8221; color=&#8221;custom&#8221; size=&#8221;lg&#8221; custom_color=&#8221;#eb2127&#8243; link=&#8221;url:https%3A%2F%2Fwww.instagram.com%2Fems3_pro|target:_blank&#8221;][\/vc_column_inner][\/vc_row_inner]<div class=\"clear\"><\/div><\/div>[vc_empty_space height=&#8221;122px&#8221;][\/vc_column][\/vc_row][vc_row el_id=&#8221;czymjest&#8221;][vc_column][vc_empty_space height=&#8221;62px&#8221;]<div class=\"et-row   \">[vc_column_text el_class=&#8221;whitetxt&#8221;]<\/p>\n<h2 style=\"text-align: left;\"><strong><em>Trening EMS &#8211; czym jest?<\/em><\/strong><\/h2>\n<p>[\/vc_column_text][vc_empty_space][vc_row_inner][vc_column_inner width=&#8221;1\/3&#8243;][vc_single_image image=&#8221;62&#8243; img_size=&#8221;full&#8221; alignment=&#8221;center&#8221;][vc_empty_space][vc_column_text el_class=&#8221;whitetxt&#8221;]Trening EMS (Electrical Muscle Stimulation) to \u0107wiczenia wzmocnione elektryczn\u0105 stymulacj\u0105 mi\u0119\u015bni w celu skutecznego i szybkiego wymodelowania sylwetki, redukcji tkanki t\u0142uszczowej, a tak\u017ce zwi\u0119kszenia si\u0142y mi\u0119\u015bniowej. [\/vc_column_text][\/vc_column_inner][vc_column_inner width=&#8221;1\/3&#8243;][vc_single_image image=&#8221;64&#8243; img_size=&#8221;full&#8221; alignment=&#8221;center&#8221;][vc_empty_space][vc_column_text el_class=&#8221;whitetxt&#8221;]Technika ta jest \u015bwietn\u0105 alternatyw\u0105 dla konwencjonalnych trening\u00f3w, gdy\u017c pozwala osi\u0105gn\u0105\u0107 podobne efekty w kr\u00f3tszym czasie: 20 minutowy trening z wykorzystaniem EMS daje tyle ile 1,5 godziny klasycznego treningu![\/vc_column_text][\/vc_column_inner][vc_column_inner width=&#8221;1\/3&#8243;][vc_single_image image=&#8221;63&#8243; img_size=&#8221;full&#8221; alignment=&#8221;center&#8221;][vc_empty_space][vc_column_text el_class=&#8221;whitetxt&#8221;]W EMS3 podnosz\u0119 twoje efekty do sze\u015bcianu! Stawiaj\u0105c na trening pod moim okiem, zyskujesz supermoc efektywnego zarz\u0105dzania czasem:<br \/>\noszcz\u0119dzasz cenne dla siebie minuty, przyspieszaj\u0105c rezultaty![\/vc_column_text][\/vc_column_inner][\/vc_row_inner]<div class=\"clear\"><\/div><\/div>[vc_empty_space height=&#8221;122px&#8221;][\/vc_column][\/vc_row][vc_row parallax=&#8221;content-moving&#8221; parallax_image=&#8221;53&#8243;][vc_column][vc_empty_space height=&#8221;222px&#8221;][vc_icon icon_fontawesome=&#8221;fas fa-play&#8221; color=&#8221;custom&#8221; size=&#8221;xl&#8221; align=&#8221;center&#8221; custom_color=&#8221;#ffffff&#8221; link=&#8221;url:https%3A%2F%2Fyoutu.be%2FfekXyc87Fh4%3Fsi%3D4iOsnhxoj_nQ-xTW|target:_blank&#8221;][vc_column_text el_class=&#8221;whitetxt&#8221;]<\/p>\n<h4 style=\"text-align: center;\"><em>Zobacz, jak krok po kroku wygl\u0105da trening EMS.<\/em><\/h4>\n<p>[\/vc_column_text][vc_empty_space height=&#8221;222px&#8221;][\/vc_column][\/vc_row][vc_row][vc_column parallax=&#8221;content-moving-fade&#8221; parallax_image=&#8221;105&#8243; el_class=&#8221;s3ems&#8221;][vc_empty_space height=&#8221;62px&#8221;]<div class=\"et-row   \">[vc_row_inner][vc_column_inner width=&#8221;1\/3&#8243;][vc_single_image image=&#8221;74&#8243; img_size=&#8221;full&#8221;][vc_empty_space height=&#8221;22px&#8221;][vc_column_text el_class=&#8221;whitetxt&#8221;]Wi\u0119cej na temat marki <a href=\"https:\/\/innlineglobal.com\/\" target=\"_blank\" rel=\"noopener\">Innline<\/a>[\/vc_column_text][\/vc_column_inner][vc_column_inner width=&#8221;2\/3&#8243;][vc_column_text el_class=&#8221;whitetxt&#8221;]Do treningu wykorzystuj\u0119 nowoczesny sprz\u0119t polskiej marki Innline:<\/p>\n<ul>\n<li>Specjalnie przygotowan\u0105 kamizelk\u0119, kt\u00f3ra posiada a\u017c 22 punkty stymulacji mi\u0119\u015bni! Kombinezon nie ogranicza ruch\u00f3w, pozwalaj\u0105c na swobodne wykonywanie \u0107wicze\u0144 &#8211; nawet w outdoorze!<\/li>\n<li>Po\u0142\u0105czony bezprzewodowo z kombinezonem tablet, za pomoc\u0105 kt\u00f3rego okre\u015blam nat\u0119\u017cenie impulsu elektrycznego i kontroluj\u0119 czas, w kt\u00f3rym nale\u017cy wykona\u0107 dane \u0107wiczenie.<\/li>\n<\/ul>\n<p>B\u0119d\u0105c certyfikowanym trenerem, posiadam pe\u0142ny dost\u0119p do platformy Innline, dzi\u0119ki czemu jestem bie\u017c\u0105co z wszelkimi nowo\u015bciami, badaniami czy szkoleniami.[\/vc_column_text][\/vc_column_inner][\/vc_row_inner]<div class=\"clear\"><\/div><\/div>[vc_empty_space height=&#8221;62px&#8221;]<div class=\"et-row   \">[vc_row_inner el_id=&#8221;dlakogo&#8221;][vc_column_inner width=&#8221;1\/2&#8243;][vc_empty_space height=&#8221;44px&#8221;][vc_column_text el_class=&#8221;whitetxt&#8221;]<\/p>\n<h2 style=\"text-align: left;\"><strong><em>Trening EMS &#8211; Dla kogo?<\/em><\/strong><\/h2>\n<p>[\/vc_column_text][vc_empty_space height=&#8221;44px&#8221;][vc_column_text el_class=&#8221;whitetxt&#8221; css=&#8221;.vc_custom_1709652313279{padding-right: 112px !important;}&#8221;]Poniewa\u017c ka\u017cdy cz\u0142owiek jest inny &#8211; zawsze dopasowuj\u0119 trening do indywidualnych potrzeb i mo\u017cliwo\u015bci. Przeprowadzaj\u0105c wywiad na pocz\u0105tku wsp\u00f3\u0142pracy, bior\u0119 pod uwag\u0119 m.in. wiek, stan zdrowia, poziom sprawno\u015bci czy preferencje.<\/p>\n<p>Na ka\u017cdym kroku dbam o bezpiecze\u0144stwo i komfort Podopiecznych, monitoruj\u0105c ich parametry fizjologiczne, a tak\u017ce sprawdzaj\u0105c reakcje na impulsy elektryczne.<\/p>\n<p>Trening EMS w szczeg\u00f3lno\u015bci dedykuj\u0119 tym, kt\u00f3rzy:<\/p>\n<ul>\n<li>Chc\u0105 schudn\u0105\u0107, wymodelowa\u0107 sylwetk\u0119 oraz zwi\u0119kszy\u0107 si\u0142\u0119 mi\u0119\u015bni.<\/li>\n<li>Nie mog\u0105 b\u0105d\u017a nie lubi\u0105 sp\u0119dza\u0107 zbyt wiele czasu na si\u0142owni.<\/li>\n<li>Maj\u0105 trudno\u015bci z wykonywaniem tradycyjnych, intensywnych \u0107wicze\u0144 ze wzgl\u0119du na problemy zdrowotne.<\/li>\n<\/ul>\n<p>Je\u015bli nadal zastanawiasz si\u0119, czy trening EMS jest dla Ciebie, skontaktuj si\u0119 ze mn\u0105![\/vc_column_text][vc_empty_space height=&#8221;62px&#8221;][\/vc_column_inner][vc_column_inner width=&#8221;1\/2&#8243;][vc_single_image image=&#8221;82&#8243; img_size=&#8221;full&#8221; alignment=&#8221;right&#8221;][\/vc_column_inner][\/vc_row_inner]<div class=\"clear\"><\/div><\/div>[\/vc_column][\/vc_row][vc_row][vc_column][vc_empty_space height=&#8221;122px&#8221;]<div class=\"et-row   \">[vc_column_text el_class=&#8221;whitetxt&#8221;]<\/p>\n<h2 style=\"text-align: left;\"><em><strong>Podstawowe warto\u015bci EMS3 w relacji trener &#8211; Podopieczny \/ Podopieczna<\/strong><\/em><\/h2>\n<p>[\/vc_column_text][vc_column_text el_class=&#8221;whitetxt&#8221;]W EMS3 stawiam na pe\u0142n\u0105 zrozumienia relacj\u0119 mi\u0119dzy trenerem a Klientem. Aby uzyska\u0107 wymarzone efekty, nasza wsp\u00f3\u0142praca powinna opiera\u0107 si\u0119 na trzech podstawowych warto\u015bciach tj.:[\/vc_column_text][vc_empty_space][vc_row_inner][vc_column_inner width=&#8221;1\/3&#8243;][vc_empty_space][vc_column_text el_class=&#8221;whitetxt&#8221;]<\/p>\n<h3><em><strong>E = <b>EFFICIENCY<\/b><\/strong><\/em><\/h3>\n<p>Skuteczno\u015b\u0107 treningu zale\u017cy od w\u0142o\u017conego wysi\u0142ku. Jako trener daj\u0119 od siebie du\u017co, ale te\u017c du\u017co wymagam. Wa\u017cne, aby zna\u0107 sw\u00f3j cel i wytrwale do niego d\u0105\u017cy\u0107. Obiecuj\u0119, \u017ce podziel\u0119 si\u0119 z Tob\u0105 wiedz\u0105 i do\u015bwiadczeniem. Zrobi\u0119 wszystko co w mojej mocy, aby\u015b osi\u0105gn\u0105\u0142\/osi\u0105gn\u0119\u0142a sukces. Jednak to Ty musisz szczerze tego chcie\u0107 i dawa\u0107 z siebie 100%.[\/vc_column_text][\/vc_column_inner][vc_column_inner width=&#8221;1\/3&#8243;][vc_empty_space][vc_column_text el_class=&#8221;whitetxt&#8221;]<\/p>\n<h3><em><strong>M = <b>MINDSET<\/b><\/strong><\/em><\/h3>\n<p><span style=\"font-weight: 400;\">Sukces rodzi si\u0119 w g\u0142owie. Odpowiedni spos\u00f3b my\u015blenia mo\u017ce by\u0107 \u015bwietnym \u017ar\u00f3d\u0142em motywacji. Otwarto\u015b\u0107, wytrwa\u0142o\u015b\u0107, zaufanie, szczero\u015b\u0107, dobra energia, komfort, zaanga\u017cowanie &#8211; to elementy, kt\u00f3re po z\u0142o\u017ceniu w ca\u0142o\u015b\u0107 stan\u0105 si\u0119 Twoim motorem nap\u0119dowym. Jako trener b\u0119d\u0119 dla Ciebie drogowskazem, jednak tutaj wiele zale\u017cy od Twojego nastawienia.<\/span>[\/vc_column_text][\/vc_column_inner][vc_column_inner width=&#8221;1\/3&#8243;][vc_empty_space][vc_column_text el_class=&#8221;whitetxt&#8221;]<\/p>\n<h3><em><strong>S = <b>STABILITY<\/b><\/strong><\/em><\/h3>\n<p><span style=\"font-weight: 400;\">Aby efekty naszego treningu towarzyszy\u0142y Ci jak najd\u0142u\u017cej, wsp\u00f3lnie poszukamy zdrowego balansu. R\u00f3wnowaga w codziennym \u017cyciu pozwoli cieszy\u0107 si\u0119 z upragnionej figury, ale te\u017c pozytywnie wp\u0142ynie na pewno\u015b\u0107 siebie i og\u00f3ln\u0105 jako\u015b\u0107 \u017cycia. Tw\u00f3j trening nie ko\u0144czy si\u0119 za drzwiami si\u0142owni, ale tak naprawd\u0119 trwa ci\u0105gle. Prowadzenie aktywnego i zdrowego stylu \u017cycia na co dzie\u0144 jest kluczem do sukcesu. <\/span>[\/vc_column_text][\/vc_column_inner][\/vc_row_inner]<div class=\"clear\"><\/div><\/div>[\/vc_column][\/vc_row][vc_row el_id=&#8221;kontakt&#8221;][vc_column][vc_empty_space height=&#8221;122px&#8221;]<div class=\"et-row   \">[vc_column_text el_class=&#8221;whitetxt&#8221;]<\/p>\n<h2 style=\"text-align: left;\"><em><strong>Kontakt<\/strong><\/em><\/h2>\n<p>[\/vc_column_text][vc_empty_space][vc_row_inner][vc_column_inner width=&#8221;1\/3&#8243;][vc_empty_space][vc_column_text el_class=&#8221;whitetxt&#8221;]<\/p>\n<h3>+48 <b>512 546 679<\/b><\/h3>\n<p>[\/vc_column_text][\/vc_column_inner][vc_column_inner width=&#8221;1\/3&#8243;][vc_empty_space][vc_column_text el_class=&#8221;whitetxt&#8221;]<\/p>\n<h3><i>LUKASZ@<b>EMS3.PL<\/b><\/i><\/h3>\n<p>[\/vc_column_text][\/vc_column_inner][vc_column_inner width=&#8221;1\/3&#8243;][vc_empty_space][vc_icon icon_fontawesome=&#8221;fab fa-instagram&#8221; color=&#8221;custom&#8221; size=&#8221;lg&#8221; custom_color=&#8221;#eb2127&#8243; link=&#8221;url:https%3A%2F%2Fwww.instagram.com%2Fems3_pro|target:_blank&#8221;][\/vc_column_inner][\/vc_row_inner]<div class=\"clear\"><\/div><\/div>[vc_empty_space][\/vc_column][\/vc_row][vc_row][vc_column]<div class=\" \"><div class=\"\" id=\"map_1\" style=\"height:400px;\">\r\n    <\/div><\/div><script>\r\njQuery(document).ready(function () {\r\n\tvar styles = [\r\n\t{\r\n\t\tstylers: [\r\n          {saturation: '-70'},\r\n          {hue: '#dd3333'},\r\n          {lightness: '8'},\r\n          {gamma: '1.7'},\r\n          {weight: '1'}\r\n        ]\r\n\r\n\t}\r\n];\r\n\r\n\r\nvar options = {\r\n\tmapTypeControlOptions: {\r\n\t\tmapTypeIds: ['Styled']\r\n\t},\r\n\tcenter: new google.maps.LatLng(52.455800, 13.350222),\r\n\tzoom: 5,\r\n    disableDefaultUI: true,\r\n    zoomControl: true,\r\n    streetViewControl: true,\r\n    scrollwheel: false,\r\n    draggable: !(\"ontouchend\" in document),\r\n\tmapTypeId: 'Styled'\r\n};\r\nvar div = document.getElementById('map_1');\r\nvar map = new google.maps.Map(div, options);\r\nvar styledMapType = new google.maps.StyledMapType(styles, { name: 'Map' });\r\nmap.mapTypes.set('Styled', styledMapType);\r\n    var myLatLng = {lat: 51.108040, lng: 17.043020};\r\n    var marker = new google.maps.Marker({\r\n        position: myLatLng,\r\n        icon: \"https:\/\/ems3.pl\/wp-content\/uploads\/2024\/03\/pinmin.png\",\r\n        map: map\r\n    });\r\n\t\tvar contentString = '<div class=\"marker_description_content\"><h3>Well Fitness<\/h3><p>OVO Premium Club, Hotel Hilton \/\/ ul. Podwale 83, Wroc\u0142aw<\/p><\/div>';\r\n\t\tvar infowindow = new google.maps.InfoWindow({\r\n          maxWidth: 200\r\n        });\r\n\t\t\r\n\t\tgoogle.maps.event.addListener(marker,'click', (function(marker,content,infowindow){ \r\n    return function() {\r\n        infowindow.setContent(content);\r\n        infowindow.open(map,marker);\r\n    };\r\n})(marker,contentString,infowindow));  \r\n\t\t\r\n    \r\n    var myLatLng = {lat: 52.150590, lng: 5.580780};\r\n    var marker = new google.maps.Marker({\r\n        position: myLatLng,\r\n        icon: \"https:\/\/ems3.pl\/wp-content\/uploads\/2024\/03\/pinmin.png\",\r\n        map: map\r\n    });\r\n\t\tvar contentString = '<div class=\"marker_description_content\"><h3>Basic-Fit 24\/7<\/h3><p>Wethouder Rebellaan 134, 3771 KA Barneveld, Holandia<\/p><\/div>';\r\n\t\tvar infowindow = new google.maps.InfoWindow({\r\n          maxWidth: 200\r\n        });\r\n\t\t\r\n\t\tgoogle.maps.event.addListener(marker,'click', (function(marker,content,infowindow){ \r\n    return function() {\r\n        infowindow.setContent(content);\r\n        infowindow.open(map,marker);\r\n    };\r\n})(marker,contentString,infowindow));  \r\n\t\t\r\n    });\r\n<\/script>[\/vc_column][\/vc_row][vc_row parallax=&#8221;content-moving-fade&#8221; parallax_image=&#8221;105&#8243; el_id=&#8221;faq&#8221;][vc_column el_class=&#8221;whitetxt&#8221;][vc_empty_space]<div class=\"et-row   \">[vc_column_text el_class=&#8221;whitetxt&#8221;]<\/p>\n<h2 style=\"text-align: left;\"><em><strong>FAQ<\/strong><\/em><\/h2>\n<p>[\/vc_column_text][vc_empty_space][vc_toggle title=&#8221;Gdzie i kiedy odbywaj\u0105 si\u0119 treningi?&#8221; style=&#8221;arrow&#8221; open=&#8221;true&#8221;]Treningi EMS realizowane s\u0105 w indywidualnie ustalonych terminach oraz trzech lokalizacjach:<br \/>\nWell Fitness OVO Premium Club, Hotel Hilton \/\/ ul. Podwale 83, Wroc\u0142aw<br \/>\nBasic-Fit 24\/7 \/\/ Wethouder Rebellaan 134, 3771 KA Barneveld, Holandia[\/vc_toggle][vc_toggle title=&#8221;Jak przygotowa\u0107 si\u0119 do treningu EMS&#8221; style=&#8221;arrow&#8221;]Na trening nale\u017cy wyposa\u017cy\u0107 si\u0119 w wygodne obuwie sportowe, wod\u0119 oraz bawe\u0142nian\u0105 bielizn\u0119: t-shirt oraz leginsy do kolan. Je\u015bli nie posiadasz takiego zestawu odzie\u017cy, mo\u017cesz zakupi\u0107 go u mnie za 150 z\u0142.<br \/>\nPrzed przyst\u0105pieniem do zaj\u0119\u0107, przeprowadz\u0119 z Tob\u0105 wywiad zdrowotny oraz analiz\u0119 sk\u0142adu masy cia\u0142a. Nast\u0119pnie okre\u015bl\u0119 cel, do kt\u00f3rego wsp\u00f3lnie b\u0119dziemy d\u0105\u017cy\u0107 na bazie w\u0142a\u015bciwie dopasowanego zestawu \u0107wicze\u0144 oraz parametr\u00f3w treningowych.[\/vc_toggle][vc_toggle title=&#8221;Jakie s\u0105 przeciwwskazania do treningu EMS?&#8221; style=&#8221;arrow&#8221;]Trening EMS jest bezpieczn\u0105 form\u0105 treningu zar\u00f3wno dla osoby nieaktywnej fizycznie, jak r\u00f3wnie\u017c uprawiaj\u0105cej sport rekreacyjnie czy zawodowo. Istniej\u0105 jednak przeciwwskazania do korzystania z elektrostymulacji, kt\u00f3ra jest podstaw\u0105 treningu EMS. Nale\u017c\u0105 do nich:<\/p>\n<ul>\n<li>posiadanie rozrusznika serca,<\/li>\n<li>choroby serca,<\/li>\n<li>choroby uk\u0142adu nerwowego,<\/li>\n<li>nadci\u015bnienie,<\/li>\n<li>zaburzenie kr\u0105\u017cenia,<\/li>\n<li>cukrzyca z mikroangiopati\u0105\/gangren\u0105,<\/li>\n<li>mia\u017cd\u017cyca w zaawansowanym stopniu,<\/li>\n<li>posiadanie metalowych implant\u00f3w oraz implant\u00f3w medycznych,<\/li>\n<li>stany zapalne, ostre zaka\u017cenia bakteryjne i wirusowe,<\/li>\n<li>grzybica w obr\u0119bie dr\u00f3g moczowych,<\/li>\n<li>zaburzenia krzepni\u0119cia krwi, krwotoki, hemofilia, kobiety podczas<\/li>\n<li>menstruacji,<\/li>\n<li>choroba nowotworowa,<\/li>\n<li>przepuklina,<\/li>\n<li>rany, stany zapalne, oparzenia, podra\u017cnienia, zmiany sk\u00f3rne w obszarze<\/li>\n<li>umiejscowienia elektrod,<\/li>\n<li>ci\u0105\u017ca,<\/li>\n<li>stany wyczerpania.<\/li>\n<\/ul>\n<p>Przed rozpocz\u0119ciem zaj\u0119\u0107 ka\u017cdy uczestnik zobligowany jest do podpisania karty uczestnictwa wraz z o\u015bwiadczeniem o stanie zdrowia i braku przeciwwskaza\u0144 do podj\u0119cia tej formy \u0107wicze\u0144.[\/vc_toggle][vc_toggle title=&#8221;Jak cz\u0119sto mog\u0119 ucz\u0119szcza\u0107 na trening EMS?&#8221; style=&#8221;arrow&#8221;]Wszystko zale\u017cy od Twojej sprawno\u015bci fizycznej i kondycji. Osobom pocz\u0105tkuj\u0105cym zalecam wykonywa\u0107 go raz w tygodniu, a osobom \u015bredniozaawansowanym i zaawansowanym 2-3 razy w tygodniu lub wi\u0119cej. Aby trening by\u0142 jeszcze bardziej skuteczny, mo\u017cna uzupe\u0142ni\u0107 go innymi formami aktywno\u015bci fizycznej np. treningiem personalnym w konwencjonalnej formie.[\/vc_toggle][vc_toggle title=&#8221;Kiedy zauwa\u017c\u0119 pierwsze rezultaty treningu?&#8221; style=&#8221;arrow&#8221;]Niezale\u017cnie od posiadanej kondycji fizycznej &#8211; ju\u017c po pierwszej sesji treningowej poczujesz przyp\u0142yw nowej, pozytywnej energii. Widoczne efekty, takie jak poprawa postawy cia\u0142a, pojawiaj\u0105 si\u0119 ju\u017c po kilku sesjach treningowych. Atrakcyjniejsza sylwetka, zdrowszy wygl\u0105d sk\u00f3ry, spadek masy cia\u0142a, zwi\u0119kszenie si\u0142y mi\u0119\u015bniowej i wytrzyma\u0142o\u015bci &#8211; b\u0119d\u0105 widoczne po 10 sesjach.<br \/>\nDodatkowo przyst\u0119puj\u0105c do cyklu treningowego, warto do niego w\u0142\u0105czy\u0107 odpowiedni\u0105 diet\u0119 i nawodnienie organizmu. To wzmocni efekty i zwi\u0119kszy Twoj\u0105 satysfakcj\u0119 z nowej sylwetki![\/vc_toggle][vc_toggle title=&#8221;Czy trening EMS jest bezpieczny?&#8221; style=&#8221;arrow&#8221;]Trening EMS jest bezpieczny dla os\u00f3b z odpowiednim stanem zdrowia, bez przeciwwskaza\u0144 do jego wykonywania. Badania metody EMS wykaza\u0142y, \u017ce stosowane w niej impulsy s\u0105 bezbolesne i bezpieczne dla zdrowia.[\/vc_toggle][vc_toggle title=&#8221;Dla kogo w szczeg\u00f3lno\u015bci polecany jest trening EMS?&#8221; style=&#8221;arrow&#8221;]Trening jest szczeg\u00f3lnie polecany osobom, kt\u00f3re potrzebuj\u0105 w kr\u00f3tkim czasie zaanga\u017cowa\u0107 wszystkie partie mi\u0119\u015bniowe. Jest on r\u00f3wnie\u017c dla tych, kt\u00f3rzy maj\u0105 mocno napi\u0119ty grafik w tygodniu, a bardzo zale\u017cy im na aktywno\u015bci fizycznej. EMS zapewnia maksimum efekt\u00f3w, anga\u017cuj\u0105c minimum czasu.<br \/>\nTrening ten zalecam te\u017c osobom z b\u00f3lami kr\u0119gos\u0142upa, z nadwag\u0105 lub oty\u0142o\u015bci\u0105, chc\u0105cym zredukowa\u0107 tkank\u0119 t\u0142uszczow\u0105 bez obci\u0105\u017cania staw\u00f3w, a tak\u017ce poprawi\u0107 wydolno\u015b\u0107 i sprawno\u015b\u0107 fizyczn\u0105.[\/vc_toggle][vc_toggle title=&#8221;Czy seniorzy mog\u0105 korzysta\u0107 z trening\u00f3w EMS?&#8221; style=&#8221;arrow&#8221;]Jak najbardziej! Najcz\u0119stszym celem trening\u00f3w senior\u00f3w jest wyeliminowanie b\u00f3lu plec\u00f3w oraz poprawa og\u00f3lnej sprawno\u015bci ruchowej. Trening metod\u0105 EMS jest w pe\u0142ni bezpieczny, poniewa\u017c odbywa si\u0119 pod okiem wykwalifikowanego trenera, kt\u00f3ry odpowiednio dostosuje program treningowy do potrzeb i mo\u017cliwo\u015bci seniora.[\/vc_toggle][vc_toggle title=&#8221;Dlaczego EMS wp\u0142ywa pozytywnie na Tw\u00f3j kr\u0119gos\u0142up?&#8221; style=&#8221;arrow&#8221;]Trening z wykorzystaniem elektrostymulacji pomaga zwalczy\u0107 b\u00f3l plec\u00f3w i wzmacnia mi\u0119\u015bnie &#8211; r\u00f3wnie\u017c g\u0142\u0119bokie, kt\u00f3rych g\u0142\u00f3wnym zadaniem jest stabilizacja. Za pomoc\u0105 impuls\u00f3w elektrycznych pobudza on g\u0142\u0119bokie w\u0142\u00f3kna mi\u0119\u015bniowe i aktywizuje mi\u0119\u015bnie grzbietu bez obci\u0105\u017cania staw\u00f3w czy kr\u0119gos\u0142upa. Dzi\u0119ki temu mo\u017cemy zniwelowa\u0107 b\u00f3l plec\u00f3w ju\u017c po kilku sesjach treningowych.[\/vc_toggle]<div class=\"clear\"><\/div><\/div>[vc_empty_space height=&#8221;112px&#8221;][\/vc_column][\/vc_row]<\/p>\n","protected":false},"excerpt":{"rendered":"<p>[vc_row][vc_column parallax=&#8221;content-moving-fade&#8221; parallax_image=&#8221;116&#8243; el_class=&#8221;grdientems&#8221;][vc_empty_space height=&#8221;122px&#8221;][\/vc_column][\/vc_row][vc_row el_id=&#8221;czymjest&#8221;][vc_column][vc_empty_space height=&#8221;62px&#8221;][vc_empty_space height=&#8221;122px&#8221;][\/vc_column][\/vc_row][vc_row parallax=&#8221;content-moving&#8221; parallax_image=&#8221;53&#8243;][vc_column][vc_empty_space height=&#8221;222px&#8221;][vc_icon icon_fontawesome=&#8221;fas fa-play&#8221; color=&#8221;custom&#8221; size=&#8221;xl&#8221; align=&#8221;center&#8221; custom_color=&#8221;#ffffff&#8221; link=&#8221;url:https%3A%2F%2Fyoutu.be%2FfekXyc87Fh4%3Fsi%3D4iOsnhxoj_nQ-xTW|target:_blank&#8221;][vc_column_text el_class=&#8221;whitetxt&#8221;] Zobacz, jak krok po kroku wygl\u0105da trening EMS. [\/vc_column_text][vc_empty_space height=&#8221;222px&#8221;][\/vc_column][\/vc_row][vc_row][vc_column parallax=&#8221;content-moving-fade&#8221; parallax_image=&#8221;105&#8243; el_class=&#8221;s3ems&#8221;][vc_empty_space height=&#8221;62px&#8221;][vc_empty_space height=&#8221;62px&#8221;][\/vc_column][\/vc_row][vc_row][vc_column][vc_empty_space height=&#8221;122px&#8221;][\/vc_column][\/vc_row][vc_row el_id=&#8221;kontakt&#8221;][vc_column][vc_empty_space height=&#8221;122px&#8221;][vc_empty_space][\/vc_column][\/vc_row][vc_row][vc_column][\/vc_column][\/vc_row][vc_row parallax=&#8221;content-moving-fade&#8221; parallax_image=&#8221;105&#8243; el_id=&#8221;faq&#8221;][vc_column el_class=&#8221;whitetxt&#8221;][vc_empty_space][vc_empty_space height=&#8221;112px&#8221;][\/vc_column][\/vc_row]<\/p>\n","protected":false},"author":1,"featured_media":0,"parent":0,"menu_order":0,"comment_status":"closed","ping_status":"closed","template":"fullwidth.php","meta":{"footnotes":""},"class_list":["post-13","page","type-page","status-publish","hentry",""],"_links":{"self":[{"href":"https:\/\/ems3.pl\/index.php\/wp-json\/wp\/v2\/pages\/13","targetHints":{"allow":["GET"]}}],"collection":[{"href":"https:\/\/ems3.pl\/index.php\/wp-json\/wp\/v2\/pages"}],"about":[{"href":"https:\/\/ems3.pl\/index.php\/wp-json\/wp\/v2\/types\/page"}],"author":[{"embeddable":true,"href":"https:\/\/ems3.pl\/index.php\/wp-json\/wp\/v2\/users\/1"}],"replies":[{"embeddable":true,"href":"https:\/\/ems3.pl\/index.php\/wp-json\/wp\/v2\/comments?post=13"}],"version-history":[{"count":208,"href":"https:\/\/ems3.pl\/index.php\/wp-json\/wp\/v2\/pages\/13\/revisions"}],"predecessor-version":[{"id":263,"href":"https:\/\/ems3.pl\/index.php\/wp-json\/wp\/v2\/pages\/13\/revisions\/263"}],"wp:attachment":[{"href":"https:\/\/ems3.pl\/index.php\/wp-json\/wp\/v2\/media?parent=13"}],"curies":[{"name":"wp","href":"https:\/\/api.w.org\/{rel}","templated":true}]}}